{"id":9239,"date":"2024-05-30T19:45:26","date_gmt":"2024-05-30T19:45:26","guid":{"rendered":"https:\/\/bluemarinepuntacana.com\/?post_type=product&#038;p=9239"},"modified":"2026-04-11T12:41:16","modified_gmt":"2026-04-11T12:41:16","slug":"private-saona-island-vip","status":"publish","type":"product","link":"https:\/\/bluemarinepuntacana.com\/es\/producto\/private-saona-island-vip\/","title":{"rendered":"PRIVADO DE LA ISLA SAONA VIP"},"content":{"rendered":"<div data-elementor-type=\"product-post\" data-elementor-id=\"9239\" class=\"elementor elementor-9239\" data-elementor-post-type=\"product\">\n\t\t\t\t\t\t<section class=\"elementor-section elementor-top-section elementor-element elementor-element-b140e68 elementor-section-full_width elementor-section-height-default elementor-section-height-default qodef-elementor-content-no\" data-id=\"b140e68\" data-element_type=\"section\">\n\t\t\t\t\t\t<div class=\"elementor-container elementor-column-gap-default\">\n\t\t\t\t\t<div class=\"elementor-column elementor-col-100 elementor-top-column elementor-element elementor-element-329ff9d\" data-id=\"329ff9d\" data-element_type=\"column\">\n\t\t\t<div class=\"elementor-widget-wrap elementor-element-populated\">\n\t\t\t\t\t\t<div class=\"elementor-element elementor-element-17157a7 elementor-widget elementor-widget-text-editor\" data-id=\"17157a7\" data-element_type=\"widget\" data-widget_type=\"text-editor.default\">\n\t\t\t\t<div class=\"elementor-widget-container\">\n\t\t\t\t\t\t\t\t\t<h2>ISLA SAONA VIP<\/h2><p>Isla Saona Vip est\u00e1 situada en el extremo sureste de la Rep\u00fablica Dominicana Parte del Parque Nacional del Este, es conocido por los manglares y los arrecifes de coral y playas bordeadas de palmeras, tales como playa Palmilla. Navegando desde nuestro punto de embarque en Bayahibe, a las aguas de las piscinas naturales antes de llegar a la isla son el hogar de las estrellas de mar de la Mano de Juan es un tranquilo pueblo de pescadores<\/p><p>Como de 15 de noviembre de 2022 vamos a a\u00f1adir a nuestra flota el Catamar\u00e1n m\u00e1s grande tipo de barco en toda la Costa Norte. Una embarcaci\u00f3n de lujo, con amplias con capacidad para hasta 120 personas. Con conexi\u00f3n de paquetes para Bodas, Cumplea\u00f1os y espacial de las celebraciones en general. Una experiencia totalmente inolvidable.<\/p><p>DESCRIPTION<br \/>A visit to paradise in the middle of the Caribbean Sea, where you will not only have tranquility, but also exclusivity from boarding to departure Being greeted with a welcome toast when boarding the catamaran and then sailing through the Caribbean Sea, resting on the crystal clear waters of the natural pools where you will enjoy a pleasant bath right in the middle of the sea Enjoying some delicious snacks, entertainment, live DJ and open bar Then sailing we arrive at our exclusive beach club where you will have 10 thousand meters to enjoy paradise.<\/p><p>You will be welcomed with a cocktail and facial towels to cool off The beach facilities are in excellent condition with palapas and chaise lounges for couples and families, open bar service with national drinks plus personalized service for couples or families in the most exclusive restaurant in the Caribbean where you will enjoy a delicious lunch, we have a vegetarian option, gluten free and a children\u2019s menu, with this we serve accompanied by a large premium open bar continuing with entertainment on the beach, and then return sailing and dancing to our Caribbean music until you reach the coast of Bayahibe, disembarking to end this paradisiacal ride.<\/p><p>TIMING TR<br \/>\u2022 07:00 hrs Pick up at the hotel.<br \/>\u2022 08:00 hrs Departure from the meeting point.<br \/>\u2022 08:40 hrs arrival with welcome toast.<br \/>\u2022 09:00 hrs Sailing on a catamaran to the natural pools.<br \/>\u2022 10:15 hrs Arrival at the natural pool.<br \/>\u2022 12:15 hrs Departure from the natural pool.<br \/>\u2022 13:15 hrs Arrival at the beach.<br \/>\u2022 13:30 hrs Lunch.<br \/>\u2022 14:45hrs relaxation time <br \/>\u2022 15:45 hrs Departure from the beach. <br \/>\u2022 16:30 hrs Arrival at the coast of Bayahibe.<br \/>\u2022 16: 45 hrs Departure from Bayahibe.<br \/>\u2022 17: 15 hrs Arrival at the store (where the client can take the opportunity to buy souvenirs and visit the bathrooms.<br \/>\u2022 17:45 hrs Return to the hotels.<\/p><p>LOCATION TL<br \/>Saona Island is located in the extreme southeast of the Dominican Republic Part of the Parque Nacional del Este, it is known for mangroves and coral reefs and palm fringed beaches such as Palmilla beach Sailing from our embarkation point in Bayahibe to The shallow waters of the natural pools before reaching the island are home to starfish Mano Juan is a quiet fishing village near Flamingo Lagoon with colorful huts and a turtle sanctuary To the west, Cotubanam\u00e1 Cave has pre-Columbian rock art Our sector is one of the most privileged areas for the view of crystal clear waters and white sand.<\/p>\t\t\t\t\t\t\t\t<\/div>\n\t\t\t\t<\/div>\n\t\t\t\t\t<\/div>\n\t\t<\/div>\n\t\t\t\t\t<\/div>\n\t\t<\/section>\n\t\t\t\t<section class=\"elementor-section elementor-top-section elementor-element elementor-element-fc2a2a8 elementor-section-full_width elementor-section-height-default elementor-section-height-default qodef-elementor-content-no\" data-id=\"fc2a2a8\" data-element_type=\"section\">\n\t\t\t\t\t\t<div class=\"elementor-container elementor-column-gap-default\">\n\t\t\t\t\t<div class=\"elementor-column elementor-col-33 elementor-top-column elementor-element elementor-element-3ff29a4\" data-id=\"3ff29a4\" data-element_type=\"column\">\n\t\t\t<div class=\"elementor-widget-wrap elementor-element-populated\">\n\t\t\t\t\t\t<div class=\"elementor-element elementor-element-b9af281 elementor-widget elementor-widget-text-editor\" data-id=\"b9af281\" data-element_type=\"widget\" data-widget_type=\"text-editor.default\">\n\t\t\t\t<div class=\"elementor-widget-container\">\n\t\t\t\t\t\t\t\t\t<p>TOURS DETAILS T<br \/>AVAILABLE LANGUAGES:<br \/>\u2022 Spanish<br \/>\u2022 English<br \/>\u2022 French<br \/>\u2022 German<br \/>\u2022 Russian<br \/>\u2022 Portuguese<br \/>\u2022 Italiano<\/p>\t\t\t\t\t\t\t\t<\/div>\n\t\t\t\t<\/div>\n\t\t\t\t\t<\/div>\n\t\t<\/div>\n\t\t\t\t<div class=\"elementor-column elementor-col-33 elementor-top-column elementor-element elementor-element-cd0a0aa\" data-id=\"cd0a0aa\" data-element_type=\"column\">\n\t\t\t<div class=\"elementor-widget-wrap elementor-element-populated\">\n\t\t\t\t\t\t<div class=\"elementor-element elementor-element-686997f elementor-widget elementor-widget-text-editor\" data-id=\"686997f\" data-element_type=\"widget\" data-widget_type=\"text-editor.default\">\n\t\t\t\t<div class=\"elementor-widget-container\">\n\t\t\t\t\t\t\t\t\t<p>ADDITIONAL SERVICES:<br \/>\u2022 Wifi<br \/>\u2022 Medical dispensary<br \/>\u2022 KidsClub<br \/>\u2022 Camera system<\/p>\t\t\t\t\t\t\t\t<\/div>\n\t\t\t\t<\/div>\n\t\t\t\t\t<\/div>\n\t\t<\/div>\n\t\t\t\t<div class=\"elementor-column elementor-col-33 elementor-top-column elementor-element elementor-element-4e1a4de\" data-id=\"4e1a4de\" data-element_type=\"column\">\n\t\t\t<div class=\"elementor-widget-wrap elementor-element-populated\">\n\t\t\t\t\t\t<div class=\"elementor-element elementor-element-5d28777 elementor-widget elementor-widget-text-editor\" data-id=\"5d28777\" data-element_type=\"widget\" data-widget_type=\"text-editor.default\">\n\t\t\t\t<div class=\"elementor-widget-container\">\n\t\t\t\t\t\t\t\t\t<p>BENEFITS FOR GROUPS:<br \/>\u2022 Snorkeling available<br \/>\u2022 Return by speedboat<br \/>\u2022 Free grooms in case of weddings \u2022 Free tour leader in corporate case<\/p>\t\t\t\t\t\t\t\t<\/div>\n\t\t\t\t<\/div>\n\t\t\t\t\t<\/div>\n\t\t<\/div>\n\t\t\t\t\t<\/div>\n\t\t<\/section>\n\t\t\t\t<section class=\"elementor-section elementor-top-section elementor-element elementor-element-6ea9ba2 elementor-section-full_width elementor-section-height-default elementor-section-height-default qodef-elementor-content-no\" data-id=\"6ea9ba2\" data-element_type=\"section\">\n\t\t\t\t\t\t<div class=\"elementor-container elementor-column-gap-default\">\n\t\t\t\t\t<div class=\"elementor-column elementor-col-33 elementor-top-column elementor-element elementor-element-2953cee\" data-id=\"2953cee\" data-element_type=\"column\">\n\t\t\t<div class=\"elementor-widget-wrap elementor-element-populated\">\n\t\t\t\t\t\t<div class=\"elementor-element elementor-element-8c98039 elementor-widget elementor-widget-text-editor\" data-id=\"8c98039\" data-element_type=\"widget\" data-widget_type=\"text-editor.default\">\n\t\t\t\t<div class=\"elementor-widget-container\">\n\t\t\t\t\t\t\t\t\t<p>SERVICE ON THE BEACH<br \/>Lunch menu:<\/p><p>\u2022 Bread<br \/>\u2022 Mixed salad<br \/>\u2022 White rice<br \/>\u2022 Black beans<br \/>\u2022 Red beans<br \/>\u2022 Pasta<br \/>\u2022 Alfredo sauce<br \/>\u2022 Ketchup<br \/>\u2022 Coconut mashed potatoes<br \/>\u2022 Chicken<br \/>\u2022 Smoked pork leg<br \/>\u2022 BBQ sauce<br \/>\u2022 Hamburger sauce<br \/>\u2022 Fish<br \/>\u2022 La langosta<br \/>\u2022 Garlic sauce<br \/>\u2022 Fruit<\/p>\t\t\t\t\t\t\t\t<\/div>\n\t\t\t\t<\/div>\n\t\t\t\t\t<\/div>\n\t\t<\/div>\n\t\t\t\t<div class=\"elementor-column elementor-col-33 elementor-top-column elementor-element elementor-element-a572a80\" data-id=\"a572a80\" data-element_type=\"column\">\n\t\t\t<div class=\"elementor-widget-wrap elementor-element-populated\">\n\t\t\t\t\t\t<div class=\"elementor-element elementor-element-f697dbb elementor-widget elementor-widget-text-editor\" data-id=\"f697dbb\" data-element_type=\"widget\" data-widget_type=\"text-editor.default\">\n\t\t\t\t<div class=\"elementor-widget-container\">\n\t\t\t\t\t\t\t\t\t<p>Open Bar<\/p><p>\u2022 Water<br \/>\u2022 Orange juice<br \/>\u2022 Fruit Punch<br \/>\u2022 Coca Cola<br \/>\u2022 Diet Coke<br \/>\u2022 Sprite<br \/>\u2022 Beer<br \/>\u2022 White Rum<br \/>\u2022 Golden Rum<br \/>\u2022 Fruit liqueur<br \/>\u2022 White wine<br \/>\u2022 Red wine<br \/>\u2022 Coffee<\/p>\t\t\t\t\t\t\t\t<\/div>\n\t\t\t\t<\/div>\n\t\t\t\t\t<\/div>\n\t\t<\/div>\n\t\t\t\t<div class=\"elementor-column elementor-col-33 elementor-top-column elementor-element elementor-element-65436e6\" data-id=\"65436e6\" data-element_type=\"column\">\n\t\t\t<div class=\"elementor-widget-wrap elementor-element-populated\">\n\t\t\t\t\t\t<div class=\"elementor-element elementor-element-0200c92 elementor-widget elementor-widget-text-editor\" data-id=\"0200c92\" data-element_type=\"widget\" data-widget_type=\"text-editor.default\">\n\t\t\t\t<div class=\"elementor-widget-container\">\n\t\t\t\t\t\t\t\t\t<p>ADDITIONAL SERVICES<\/p><p><br \/>Collection areas available for operation:<\/p><p>B\u00e1varo<br \/>Ubero Alto<br \/>Bayahibe<br \/>La Romana<br \/>Juan Doli\u00f3<br \/>Boca Chica<br \/>Santo Domingo<br \/>Additional services:<br \/>Wifi<br \/>Medical dispensary<br \/>Kids Club<br \/>Camera system<\/p>\t\t\t\t\t\t\t\t<\/div>\n\t\t\t\t<\/div>\n\t\t\t\t\t<\/div>\n\t\t<\/div>\n\t\t\t\t\t<\/div>\n\t\t<\/section>\n\t\t\t\t<section class=\"elementor-section elementor-top-section elementor-element elementor-element-5085701 elementor-section-full_width elementor-section-height-default elementor-section-height-default qodef-elementor-content-no\" data-id=\"5085701\" data-element_type=\"section\">\n\t\t\t\t\t\t<div class=\"elementor-container elementor-column-gap-default\">\n\t\t\t\t\t<div class=\"elementor-column elementor-col-33 elementor-top-column elementor-element elementor-element-ef5f791\" data-id=\"ef5f791\" data-element_type=\"column\">\n\t\t\t<div class=\"elementor-widget-wrap elementor-element-populated\">\n\t\t\t\t\t\t<div class=\"elementor-element elementor-element-d687c28 elementor-widget elementor-widget-text-editor\" data-id=\"d687c28\" data-element_type=\"widget\" data-widget_type=\"text-editor.default\">\n\t\t\t\t<div class=\"elementor-widget-container\">\n\t\t\t\t\t\t\t\t\t<p>GENERAL SERVICE<br \/>CATAMARAN SERVICES<br \/>Open Bar<\/p><p>\u2022 Water<br \/>\u2022 Orange juice<br \/>\u2022 Fruit Punch<br \/>\u2022 Coca Cola<br \/>\u2022 Diet Coke<br \/>\u2022 Sprite<br \/>\u2022 Beer<br \/>\u2022 White Rum<br \/>\u2022 Golden Rum<br \/>\u2022 Snacks<br \/>\u2022 Nachos<br \/>\u2022 Dip<br \/>\u2022 Fruits<\/p>\t\t\t\t\t\t\t\t<\/div>\n\t\t\t\t<\/div>\n\t\t\t\t\t<\/div>\n\t\t<\/div>\n\t\t\t\t<div class=\"elementor-column elementor-col-33 elementor-top-column elementor-element elementor-element-be39910\" data-id=\"be39910\" data-element_type=\"column\">\n\t\t\t<div class=\"elementor-widget-wrap elementor-element-populated\">\n\t\t\t\t\t\t<div class=\"elementor-element elementor-element-0eef10c elementor-widget elementor-widget-text-editor\" data-id=\"0eef10c\" data-element_type=\"widget\" data-widget_type=\"text-editor.default\">\n\t\t\t\t<div class=\"elementor-widget-container\">\n\t\t\t\t\t\t\t\t\t<p>NATURAL POOL SERVICE<br \/>Open Bar<\/p><p>\u2022 Water<br \/>\u2022 Coca Cola<br \/>\u2022 Diet Coke<br \/>\u2022 Sprite<br \/>\u2022 Beer<br \/>\u2022 White Rum<br \/>\u2022 Golden Rum<\/p>\t\t\t\t\t\t\t\t<\/div>\n\t\t\t\t<\/div>\n\t\t\t\t\t<\/div>\n\t\t<\/div>\n\t\t\t\t<div class=\"elementor-column elementor-col-33 elementor-top-column elementor-element elementor-element-18b2262\" data-id=\"18b2262\" data-element_type=\"column\">\n\t\t\t<div class=\"elementor-widget-wrap elementor-element-populated\">\n\t\t\t\t\t\t<div class=\"elementor-element elementor-element-7c277c6 elementor-widget elementor-widget-text-editor\" data-id=\"7c277c6\" data-element_type=\"widget\" data-widget_type=\"text-editor.default\">\n\t\t\t\t<div class=\"elementor-widget-container\">\n\t\t\t\t\t\t\t\t\t<p>INCENTIVE PLAN:<br \/>\u2022 1 pax free every 20 sales<\/p>\t\t\t\t\t\t\t\t<\/div>\n\t\t\t\t<\/div>\n\t\t\t\t\t<\/div>\n\t\t<\/div>\n\t\t\t\t\t<\/div>\n\t\t<\/section>\n\t\t\t\t<section class=\"elementor-section elementor-top-section elementor-element elementor-element-8ed940c elementor-section-full_width elementor-section-height-default elementor-section-height-default qodef-elementor-content-no\" data-id=\"8ed940c\" data-element_type=\"section\">\n\t\t\t\t\t\t<div class=\"elementor-container elementor-column-gap-default\">\n\t\t\t\t\t<div class=\"elementor-column elementor-col-100 elementor-top-column elementor-element elementor-element-cb151e7\" data-id=\"cb151e7\" data-element_type=\"column\">\n\t\t\t<div class=\"elementor-widget-wrap elementor-element-populated\">\n\t\t\t\t\t\t<div class=\"elementor-element elementor-element-b0e35bb elementor-widget elementor-widget-image\" data-id=\"b0e35bb\" data-element_type=\"widget\" data-widget_type=\"image.default\">\n\t\t\t\t<div class=\"elementor-widget-container\">\n\t\t\t\t\t\t\t\t\t\t\t\t\t\t\t<img fetchpriority=\"high\" decoding=\"async\" width=\"1024\" height=\"759\" src=\"https:\/\/bluemarinepuntacana.com\/wp-content\/uploads\/2023\/06\/autobuses-1024x759-1.jpeg\" class=\"attachment-large size-large wp-image-7495\" alt=\"SAONA ISLAND VIP\" srcset=\"https:\/\/bluemarinepuntacana.com\/wp-content\/uploads\/2023\/06\/autobuses-1024x759-1.jpeg 1024w, https:\/\/bluemarinepuntacana.com\/wp-content\/uploads\/2023\/06\/autobuses-1024x759-1-300x222.jpeg 300w, https:\/\/bluemarinepuntacana.com\/wp-content\/uploads\/2023\/06\/autobuses-1024x759-1-768x569.jpeg 768w, https:\/\/bluemarinepuntacana.com\/wp-content\/uploads\/2023\/06\/autobuses-1024x759-1-16x12.jpeg 16w, https:\/\/bluemarinepuntacana.com\/wp-content\/uploads\/2023\/06\/autobuses-1024x759-1-600x445.jpeg 600w\" sizes=\"(max-width: 1024px) 100vw, 1024px\" \/>\t\t\t\t\t\t\t\t\t\t\t\t\t\t\t<\/div>\n\t\t\t\t<\/div>\n\t\t\t\t\t<\/div>\n\t\t<\/div>\n\t\t\t\t\t<\/div>\n\t\t<\/section>\n\t\t\t\t<\/div>","protected":false},"excerpt":{"rendered":"<p>No se olvide que usted puede hacer sus reservaciones con s\u00f3lo unas pocas personas y con solo el 50% y pagar el resto el d\u00eda de actividades en la playa, recuerda que puedes agregar m\u00e1s personas hasta el mismo d\u00eda en que llegan a la playa.<\/p>","protected":false},"featured_media":6997,"comment_status":"open","ping_status":"closed","template":"","meta":{"_eb_attr":"","_joinchat":[]},"product_brand":[],"product_cat":[86],"product_tag":[],"class_list":{"0":"post-9239","1":"product","2":"type-product","3":"status-publish","4":"has-post-thumbnail","6":"product_cat-sosua","8":"first","9":"instock","10":"sold-individually","11":"shipping-taxable","12":"purchasable","13":"product-type-booking"},"_links":{"self":[{"href":"https:\/\/bluemarinepuntacana.com\/es\/wp-json\/wp\/v2\/product\/9239","targetHints":{"allow":["GET"]}}],"collection":[{"href":"https:\/\/bluemarinepuntacana.com\/es\/wp-json\/wp\/v2\/product"}],"about":[{"href":"https:\/\/bluemarinepuntacana.com\/es\/wp-json\/wp\/v2\/types\/product"}],"replies":[{"embeddable":true,"href":"https:\/\/bluemarinepuntacana.com\/es\/wp-json\/wp\/v2\/comments?post=9239"}],"version-history":[{"count":2,"href":"https:\/\/bluemarinepuntacana.com\/es\/wp-json\/wp\/v2\/product\/9239\/revisions"}],"predecessor-version":[{"id":10979,"href":"https:\/\/bluemarinepuntacana.com\/es\/wp-json\/wp\/v2\/product\/9239\/revisions\/10979"}],"wp:featuredmedia":[{"embeddable":true,"href":"https:\/\/bluemarinepuntacana.com\/es\/wp-json\/wp\/v2\/media\/6997"}],"wp:attachment":[{"href":"https:\/\/bluemarinepuntacana.com\/es\/wp-json\/wp\/v2\/media?parent=9239"}],"wp:term":[{"taxonomy":"product_brand","embeddable":true,"href":"https:\/\/bluemarinepuntacana.com\/es\/wp-json\/wp\/v2\/product_brand?post=9239"},{"taxonomy":"product_cat","embeddable":true,"href":"https:\/\/bluemarinepuntacana.com\/es\/wp-json\/wp\/v2\/product_cat?post=9239"},{"taxonomy":"product_tag","embeddable":true,"href":"https:\/\/bluemarinepuntacana.com\/es\/wp-json\/wp\/v2\/product_tag?post=9239"}],"curies":[{"name":"wp","href":"https:\/\/api.w.org\/{rel}","templated":true}]}}