{"id":9232,"date":"2024-05-30T18:41:37","date_gmt":"2024-05-30T18:41:37","guid":{"rendered":"https:\/\/bluemarinepuntacana.com\/?post_type=product&#038;p=9232"},"modified":"2025-11-17T11:05:38","modified_gmt":"2025-11-17T11:05:38","slug":"private-sport-fishing-boats","status":"publish","type":"product","link":"https:\/\/bluemarinepuntacana.com\/es\/producto\/private-sport-fishing-boats\/","title":{"rendered":"PRIVADO BARCOS DE PESCA DEPORTIVA"},"content":{"rendered":"<div data-elementor-type=\"product-post\" data-elementor-id=\"9232\" class=\"elementor elementor-9232\" data-elementor-post-type=\"product\">\n\t\t\t\t\t\t<section class=\"elementor-section elementor-top-section elementor-element elementor-element-b140e68 elementor-section-full_width elementor-section-height-default elementor-section-height-default qodef-elementor-content-no\" data-id=\"b140e68\" data-element_type=\"section\">\n\t\t\t\t\t\t<div class=\"elementor-container elementor-column-gap-default\">\n\t\t\t\t\t<div class=\"elementor-column elementor-col-100 elementor-top-column elementor-element elementor-element-329ff9d\" data-id=\"329ff9d\" data-element_type=\"column\">\n\t\t\t<div class=\"elementor-widget-wrap elementor-element-populated\">\n\t\t\t\t\t\t<div class=\"elementor-element elementor-element-17157a7 elementor-widget elementor-widget-text-editor\" data-id=\"17157a7\" data-element_type=\"widget\" data-widget_type=\"text-editor.default\">\n\t\t\t\t<div class=\"elementor-widget-container\">\n\t\t\t\t\t\t\t\t\t<h1 class=\"qodef-woo-product-title product_title entry-title\">Privado BARCOS de PESCA DEPORTIVA<\/h1><p>Salir en las aguas frente a Punta Cana para la pesca de mar profunda experiencia, con todo el equipo incluido y la orientaci\u00f3n de un capit\u00e1n experimentado. Con el capit\u00e1n del conocimiento de la zona, vas a tener la mejor posibilidad de regresar a la tierra con un trofeo-el tama\u00f1o de la captura.<\/p><p>Elija cu\u00e1nto o cu\u00e1n poco la instrucci\u00f3n que te gustar\u00eda tener, lo que hace que esta excursi\u00f3n es adecuado tanto para principiantes como para los m\u00e1s experimentados pescadores. Todos los equipos y licencias de pesca proporcion\u00f3 la Supervisi\u00f3n y orientaci\u00f3n del capit\u00e1n hace que incluso los principiantes probablemente carrete en una captura de transporte de ida y vuelta desde hoteles en Punta Cana para una experiencia perfecta de Un barco privado significa una experiencia personalizada<\/p><p>Nuestra Embarcaci\u00f3n es una *47* Pie de Barco, que permite a los clientes hacer sus actividades sin marearse tan f\u00e1cilmente.<\/p><p>Tambi\u00e9n es muy c\u00f3modo debido a la ba\u00f1era donde se puede pescar, cuenta con espacio para hasta *10 personas*.<\/p><p>2 dormitorios <br \/>2 cuartos de ba\u00f1o<br \/>1 habitaci\u00f3n grande<br \/>2 niveles<\/p><p>Pesca en alta mar: Estamos ubicados de la hermosa marina CAP CANA est\u00e1 a solo 12 minutos de nuestro hotel.<\/p><p>Todos los barcos ofrecen los equipos profesionales, lo que permite tener una inolvidable de pesca en alta mar de la experiencia.<\/p><p>M\u00e1ximo 8 pescadores por embarcaci\u00f3n.<\/p><p>Disponibilidad: Todos los d\u00edas en 2 momentos diferentes:<\/p><p>*7.30 am* tiempo de recoger en el lobby de su hotel y de 1:00 pm regreso a su hotel<\/p><p>*12.30 horas* tiempo de Recoger en el vest\u00edbulo de su hotel y tiempo de retorno en el vest\u00edbulo de su hotel a las 6:00 pm<\/p><p>Los PRECIOS de: Barcos: 42, 47 y 52<\/p><p>Privado de barco de pesca:<\/p><p>1 hora de transporte <br \/>4 horas de pesca<\/p><p>PRECIO: US$800<\/p><p>\u00a0<\/p><p>Cambio Con la recogida en el hotel a las 10:30 de la ma\u00f1ana y nos dejaba a las 2:30 pm<\/p><p>Cambio con la recogida en el hotel a la 1:30 pm y nos dejaba a las 6:30 PM<\/p><p>\u00a0<\/p><p>N\u00famero de tel\u00e9fono: <a href=\"https:\/\/api.whatsapp.com\/send?phone=18295205083\" target=\"_blank\" rel=\"noreferrer noopener\">+1 (829) 520-5083<\/a><\/p>\t\t\t\t\t\t\t\t<\/div>\n\t\t\t\t<\/div>\n\t\t\t\t<div class=\"elementor-element elementor-element-4f21533 elementor-widget-divider--separator-type-pattern elementor-widget-divider--no-spacing elementor-widget-divider--view-line elementor-widget elementor-widget-divider\" data-id=\"4f21533\" data-element_type=\"widget\" data-widget_type=\"divider.default\">\n\t\t\t\t<div class=\"elementor-widget-container\">\n\t\t\t\t\t\t\t<div class=\"elementor-divider\" style=\"--divider-pattern-url: url(&quot;data:image\/svg+xml,%3Csvg xmlns=&#039;http:\/\/www.w3.org\/2000\/svg&#039; preserveAspectRatio=&#039;xMidYMid meet&#039; overflow=&#039;visible&#039; height=&#039;100%&#039; viewBox=&#039;0 0 120 26&#039; fill=&#039;black&#039; stroke=&#039;none&#039;%3E%3Cpolygon points=&#039;0,14.4 0,21 11.5,12.4 21.3,20 30.4,11.1 40.3,20 51,12.4 60.6,20 69.6,11.1 79.3,20 90.1,12.4 99.6,20 109.7,11.1 120,21 120,14.4 109.7,5 99.6,13 90.1,5 79.3,14.5 71,5.7 60.6,12.4 51,5 40.3,14.5 31.1,5 21.3,13 11.5,5 \t&#039;\/%3E%3C\/svg%3E&quot;);\">\n\t\t\t<span class=\"elementor-divider-separator\">\n\t\t\t\t\t\t<\/span>\n\t\t<\/div>\n\t\t\t\t\t\t<\/div>\n\t\t\t\t<\/div>\n\t\t\t\t\t<\/div>\n\t\t<\/div>\n\t\t\t\t\t<\/div>\n\t\t<\/section>\n\t\t\t\t<\/div>","protected":false},"excerpt":{"rendered":"<p>Crear un momento especial con BARCOS de PESCA DEPORTIVA, no se olvide que usted puede hacer sus reservaciones con s\u00f3lo unas pocas personas y con solo el 50% y pagar el resto el d\u00eda de actividades en la playa, recuerda que puedes agregar m\u00e1s personas hasta el mismo d\u00eda en que llegan a la playa.<\/p>\n<ul>\n<li>Para grupos de 1 a 10 personas, el costo es de un total de <strong>US$800<\/strong><\/li>\n<li>Para 11 personas o m\u00e1s, <strong>US$99<\/strong> por persona, se a\u00f1ade.<\/li>\n<\/ul>","protected":false},"featured_media":8064,"comment_status":"open","ping_status":"closed","template":"","meta":{"_eb_attr":"","_joinchat":[]},"product_brand":[],"product_cat":[77],"product_tag":[],"class_list":{"0":"post-9232","1":"product","2":"type-product","3":"status-publish","4":"has-post-thumbnail","6":"product_cat-tour","8":"first","9":"instock","10":"sold-individually","11":"shipping-taxable","12":"purchasable","13":"product-type-booking"},"_links":{"self":[{"href":"https:\/\/bluemarinepuntacana.com\/es\/wp-json\/wp\/v2\/product\/9232","targetHints":{"allow":["GET"]}}],"collection":[{"href":"https:\/\/bluemarinepuntacana.com\/es\/wp-json\/wp\/v2\/product"}],"about":[{"href":"https:\/\/bluemarinepuntacana.com\/es\/wp-json\/wp\/v2\/types\/product"}],"replies":[{"embeddable":true,"href":"https:\/\/bluemarinepuntacana.com\/es\/wp-json\/wp\/v2\/comments?post=9232"}],"version-history":[{"count":29,"href":"https:\/\/bluemarinepuntacana.com\/es\/wp-json\/wp\/v2\/product\/9232\/revisions"}],"predecessor-version":[{"id":10178,"href":"https:\/\/bluemarinepuntacana.com\/es\/wp-json\/wp\/v2\/product\/9232\/revisions\/10178"}],"wp:featuredmedia":[{"embeddable":true,"href":"https:\/\/bluemarinepuntacana.com\/es\/wp-json\/wp\/v2\/media\/8064"}],"wp:attachment":[{"href":"https:\/\/bluemarinepuntacana.com\/es\/wp-json\/wp\/v2\/media?parent=9232"}],"wp:term":[{"taxonomy":"product_brand","embeddable":true,"href":"https:\/\/bluemarinepuntacana.com\/es\/wp-json\/wp\/v2\/product_brand?post=9232"},{"taxonomy":"product_cat","embeddable":true,"href":"https:\/\/bluemarinepuntacana.com\/es\/wp-json\/wp\/v2\/product_cat?post=9232"},{"taxonomy":"product_tag","embeddable":true,"href":"https:\/\/bluemarinepuntacana.com\/es\/wp-json\/wp\/v2\/product_tag?post=9232"}],"curies":[{"name":"wp","href":"https:\/\/api.w.org\/{rel}","templated":true}]}}