{"id":8132,"date":"2023-11-22T14:56:57","date_gmt":"2023-11-22T14:56:57","guid":{"rendered":"https:\/\/bluemarinepuntacana.com\/?post_type=product&#038;p=8132"},"modified":"2026-03-04T15:54:07","modified_gmt":"2026-03-04T15:54:07","slug":"sport-fishing-boats-2","status":"publish","type":"product","link":"https:\/\/bluemarinepuntacana.com\/es\/producto\/sport-fishing-boats-2\/","title":{"rendered":"BARCOS DE PESCA DEPORTIVA"},"content":{"rendered":"<div data-elementor-type=\"product-post\" data-elementor-id=\"8132\" class=\"elementor elementor-8132\" data-elementor-post-type=\"product\">\n\t\t\t\t\t\t<section class=\"elementor-section elementor-top-section elementor-element elementor-element-b140e68 elementor-section-full_width elementor-section-height-default elementor-section-height-default qodef-elementor-content-no\" data-id=\"b140e68\" data-element_type=\"section\">\n\t\t\t\t\t\t<div class=\"elementor-container elementor-column-gap-default\">\n\t\t\t\t\t<div class=\"elementor-column elementor-col-100 elementor-top-column elementor-element elementor-element-329ff9d\" data-id=\"329ff9d\" data-element_type=\"column\">\n\t\t\t<div class=\"elementor-widget-wrap elementor-element-populated\">\n\t\t\t\t\t\t<div class=\"elementor-element elementor-element-17157a7 elementor-widget elementor-widget-text-editor\" data-id=\"17157a7\" data-element_type=\"widget\" data-widget_type=\"text-editor.default\">\n\t\t\t\t<div class=\"elementor-widget-container\">\n\t\t\t\t\t\t\t\t\t<h1 class=\"qodef-woo-product-title product_title entry-title\">BARCOS DE PESCA DEPORTIVA<\/h1><p>Nuestro Principal del Barco, que es de donde tomamos la excursi\u00f3n compartida y la mayor\u00eda de las privadas, es una de 52 Pies de Barco, que permite a los clientes hacer sus actividades sin marearse tan f\u00e1cilmente.<\/p><p>Tambi\u00e9n es muy c\u00f3modo debido a la ba\u00f1era donde se puede pescar, cuenta con espacio para hasta 10 personas.<\/p><p>Cu\u00e1nto con:<br \/>2 dormitorios con aire acondicionado<br \/>2 cuartos de ba\u00f1o<br \/>2 niveles<br \/>1 habitaci\u00f3n grande<\/p><p>\u00bfPor qu\u00e9 reservar con Blue Marine Tours de Pesca?\ud83e\udd29<\/p><p>*Todos nuestros barcos cuentan con habitaciones con aire acondicionado y una buena higiene. \ud83e\udd29<\/p><p>*Los autobuses siempre estar\u00e1 en el puerto, a la espera para los clientes, para que puedan decidir el momento en que el cliente quiere regresar a su hotel, sin tener que esperar. \ud83d\ude8c\ud83e\udd29<\/p><p>*Nuestros clientes de la junta en la marina Cap Cana, que es el m\u00e1s grande y el m\u00e1s seguro que existe en toda la regi\u00f3n del Caribe.<\/p><p>*Todos nuestros hoteles traslados en autobuses con aire acondicionado. Abrir los veh\u00edculos que se llenan de polvo y respire los gases de escape de las calles muy transitadas, no est\u00e1n permitidos.\u2744\ufe0f\ud83d\ude8c<\/p><p>*Solo se sirven de la marca de bebidas \ud83e\udd64 refrescos y las bebidas alcoh\u00f3licas son productos de marca y no se diluye como en algunos de los otros tours.\ud83d\udee5\ufe0f\ud83d\udc99 \ud83e\udd29<\/p><p>\u00a0<\/p><p>Cambio Con la recogida en el hotel a las 10:30 de la ma\u00f1ana y nos dejaba a las 2:30 pm<\/p><p>Cambio con la recogida en el hotel a la 1:30 pm y nos dejaba a las 6:30 PM<\/p><p>N\u00famero de tel\u00e9fono: <a href=\"https:\/\/api.whatsapp.com\/send?phone=18295205083\" target=\"_blank\" rel=\"noreferrer noopener\">+1 (829) 520-5083<\/a><\/p>\t\t\t\t\t\t\t\t<\/div>\n\t\t\t\t<\/div>\n\t\t\t\t<div class=\"elementor-element elementor-element-4f21533 elementor-widget-divider--separator-type-pattern elementor-widget-divider--no-spacing elementor-widget-divider--view-line elementor-widget elementor-widget-divider\" data-id=\"4f21533\" data-element_type=\"widget\" data-widget_type=\"divider.default\">\n\t\t\t\t<div class=\"elementor-widget-container\">\n\t\t\t\t\t\t\t<div class=\"elementor-divider\" style=\"--divider-pattern-url: url(&quot;data:image\/svg+xml,%3Csvg xmlns=&#039;http:\/\/www.w3.org\/2000\/svg&#039; preserveAspectRatio=&#039;xMidYMid meet&#039; overflow=&#039;visible&#039; height=&#039;100%&#039; viewBox=&#039;0 0 120 26&#039; fill=&#039;black&#039; stroke=&#039;none&#039;%3E%3Cpolygon points=&#039;0,14.4 0,21 11.5,12.4 21.3,20 30.4,11.1 40.3,20 51,12.4 60.6,20 69.6,11.1 79.3,20 90.1,12.4 99.6,20 109.7,11.1 120,21 120,14.4 109.7,5 99.6,13 90.1,5 79.3,14.5 71,5.7 60.6,12.4 51,5 40.3,14.5 31.1,5 21.3,13 11.5,5 \t&#039;\/%3E%3C\/svg%3E&quot;);\">\n\t\t\t<span class=\"elementor-divider-separator\">\n\t\t\t\t\t\t<\/span>\n\t\t<\/div>\n\t\t\t\t\t\t<\/div>\n\t\t\t\t<\/div>\n\t\t\t\t\t<\/div>\n\t\t<\/div>\n\t\t\t\t\t<\/div>\n\t\t<\/section>\n\t\t\t\t<\/div>","protected":false},"excerpt":{"rendered":"<p>Crear un momento especial con BARCOS de PESCA DEPORTIVA, no se olvide que usted puede hacer sus reservaciones con s\u00f3lo unas pocas personas y con solo el 50% y pagar el resto el d\u00eda de actividades en la playa, recuerda que puedes agregar m\u00e1s personas hasta el mismo d\u00eda en que llegan a la playa.<\/p>","protected":false},"featured_media":8064,"comment_status":"open","ping_status":"closed","template":"","meta":{"_eb_attr":"","_joinchat":[]},"product_brand":[],"product_cat":[77],"product_tag":[],"class_list":{"0":"post-8132","1":"product","2":"type-product","3":"status-publish","4":"has-post-thumbnail","6":"product_cat-tour","8":"first","9":"instock","10":"sold-individually","11":"shipping-taxable","12":"purchasable","13":"product-type-booking"},"_links":{"self":[{"href":"https:\/\/bluemarinepuntacana.com\/es\/wp-json\/wp\/v2\/product\/8132","targetHints":{"allow":["GET"]}}],"collection":[{"href":"https:\/\/bluemarinepuntacana.com\/es\/wp-json\/wp\/v2\/product"}],"about":[{"href":"https:\/\/bluemarinepuntacana.com\/es\/wp-json\/wp\/v2\/types\/product"}],"replies":[{"embeddable":true,"href":"https:\/\/bluemarinepuntacana.com\/es\/wp-json\/wp\/v2\/comments?post=8132"}],"version-history":[{"count":13,"href":"https:\/\/bluemarinepuntacana.com\/es\/wp-json\/wp\/v2\/product\/8132\/revisions"}],"predecessor-version":[{"id":10175,"href":"https:\/\/bluemarinepuntacana.com\/es\/wp-json\/wp\/v2\/product\/8132\/revisions\/10175"}],"wp:featuredmedia":[{"embeddable":true,"href":"https:\/\/bluemarinepuntacana.com\/es\/wp-json\/wp\/v2\/media\/8064"}],"wp:attachment":[{"href":"https:\/\/bluemarinepuntacana.com\/es\/wp-json\/wp\/v2\/media?parent=8132"}],"wp:term":[{"taxonomy":"product_brand","embeddable":true,"href":"https:\/\/bluemarinepuntacana.com\/es\/wp-json\/wp\/v2\/product_brand?post=8132"},{"taxonomy":"product_cat","embeddable":true,"href":"https:\/\/bluemarinepuntacana.com\/es\/wp-json\/wp\/v2\/product_cat?post=8132"},{"taxonomy":"product_tag","embeddable":true,"href":"https:\/\/bluemarinepuntacana.com\/es\/wp-json\/wp\/v2\/product_tag?post=8132"}],"curies":[{"name":"wp","href":"https:\/\/api.w.org\/{rel}","templated":true}]}}