{"id":7033,"date":"2022-09-28T21:51:35","date_gmt":"2022-09-28T21:51:35","guid":{"rendered":"https:\/\/bluemarinepuntacana.com\/?post_type=product&#038;p=7033"},"modified":"2023-05-23T19:38:54","modified_gmt":"2023-05-23T19:38:54","slug":"sosua","status":"publish","type":"product","link":"https:\/\/bluemarinepuntacana.com\/es\/producto\/sosua\/","title":{"rendered":"Puerto Plata, Sosua"},"content":{"rendered":"<div data-elementor-type=\"product-post\" data-elementor-id=\"7033\" class=\"elementor elementor-7033\" data-elementor-post-type=\"product\">\n\t\t\t\t\t\t<section class=\"elementor-section elementor-top-section elementor-element elementor-element-b140e68 elementor-section-full_width elementor-section-height-default elementor-section-height-default qodef-elementor-content-no\" data-id=\"b140e68\" data-element_type=\"section\">\n\t\t\t\t\t\t<div class=\"elementor-container elementor-column-gap-default\">\n\t\t\t\t\t<div class=\"elementor-column elementor-col-100 elementor-top-column elementor-element elementor-element-329ff9d\" data-id=\"329ff9d\" data-element_type=\"column\">\n\t\t\t<div class=\"elementor-widget-wrap elementor-element-populated\">\n\t\t\t\t\t\t<div class=\"elementor-element elementor-element-17157a7 elementor-widget elementor-widget-text-editor\" data-id=\"17157a7\" data-element_type=\"widget\" data-widget_type=\"text-editor.default\">\n\t\t\t\t<div class=\"elementor-widget-container\">\n\t\t\t\t\t\t\t\t\t<p>This boat tour in Sosua is the perfect trip to enjoy a fun-filled afternoon or a morning by the water! This nice tour is ideal for guests who want specialized attention and a fantastic entertainment team.<\/p>\n<p>Como de 15 de noviembre de 2022 vamos a a\u00f1adir a nuestra flota el Catamar\u00e1n m\u00e1s grande tipo de barco en toda la Costa Norte. Una embarcaci\u00f3n de lujo, con amplias con capacidad para hasta 120 personas. Con conexi\u00f3n de paquetes para Bodas, Cumplea\u00f1os y espacial de las celebraciones en general. Una experiencia totalmente inolvidable.<\/p><p><br><\/p>\n<p><\/p>\n<p><strong>Incluye<\/strong><\/p>\n<p>\u2022 El capit\u00e1n<br>\u2022 El acceso a los completamente en barco privado<br>\u2022 Transporte de ida y vuelta.<br>\u2022 gu\u00eda profesional<br>\u2022 Camarero<br>\u2022 atenci\u00f3n personalizada de alto volumen miusic<br>\u2022 Chalecos salvavidas <br>\u2022 Equipo de snorkel<br>\u2022 Equipo de profesionales<br>\u2022 Visita a los delfines del acuario<\/p>\n<p><strong>Barra libre ilimitada<\/strong><\/p>\n<p>\u20228 A\u00f1os de edad Rom, Presidente de la cerveza nacional cerveza), monjitos, vodka granberry, <br>Coca-Cola, Coca-Cola luminosidad, tropicales Frescas jugo, refresco, botella de agua.<\/p>\n<p><strong>Aperitivo<\/strong><\/p>\n<p>Frutas frescas<br>Aperitivos<br>Mini Sandwich<\/p>\n<p><strong>\u00bfQu\u00e9 debe llevar?<\/strong><\/p>\n<p>Ropa de playa<\/p>\n<p>Toallas<br>El dinero en efectivo <br>Protector solar<\/p>\t\t\t\t\t\t\t\t<\/div>\n\t\t\t\t<\/div>\n\t\t\t\t\t<\/div>\n\t\t<\/div>\n\t\t\t\t\t<\/div>\n\t\t<\/section>\n\t\t\t\t<\/div>","protected":false},"excerpt":{"rendered":"<p>No se olvide que usted puede hacer sus reservaciones con s\u00f3lo unas pocas personas y con s\u00f3lo el 30% y pagar el resto el d\u00eda de actividades en la playa, recuerda que puedes agregar m\u00e1s personas hasta el mismo d\u00eda en que llegan a la playa.<\/p>","protected":false},"featured_media":7051,"comment_status":"open","ping_status":"closed","template":"","meta":{"_eb_attr":"","_joinchat":[]},"product_brand":[],"product_cat":[86],"product_tag":[],"class_list":{"0":"post-7033","1":"product","2":"type-product","3":"status-publish","4":"has-post-thumbnail","6":"product_cat-sosua","8":"first","9":"instock","10":"sold-individually","11":"shipping-taxable","12":"purchasable","13":"product-type-booking"},"_links":{"self":[{"href":"https:\/\/bluemarinepuntacana.com\/es\/wp-json\/wp\/v2\/product\/7033","targetHints":{"allow":["GET"]}}],"collection":[{"href":"https:\/\/bluemarinepuntacana.com\/es\/wp-json\/wp\/v2\/product"}],"about":[{"href":"https:\/\/bluemarinepuntacana.com\/es\/wp-json\/wp\/v2\/types\/product"}],"replies":[{"embeddable":true,"href":"https:\/\/bluemarinepuntacana.com\/es\/wp-json\/wp\/v2\/comments?post=7033"}],"version-history":[{"count":21,"href":"https:\/\/bluemarinepuntacana.com\/es\/wp-json\/wp\/v2\/product\/7033\/revisions"}],"predecessor-version":[{"id":7413,"href":"https:\/\/bluemarinepuntacana.com\/es\/wp-json\/wp\/v2\/product\/7033\/revisions\/7413"}],"wp:featuredmedia":[{"embeddable":true,"href":"https:\/\/bluemarinepuntacana.com\/es\/wp-json\/wp\/v2\/media\/7051"}],"wp:attachment":[{"href":"https:\/\/bluemarinepuntacana.com\/es\/wp-json\/wp\/v2\/media?parent=7033"}],"wp:term":[{"taxonomy":"product_brand","embeddable":true,"href":"https:\/\/bluemarinepuntacana.com\/es\/wp-json\/wp\/v2\/product_brand?post=7033"},{"taxonomy":"product_cat","embeddable":true,"href":"https:\/\/bluemarinepuntacana.com\/es\/wp-json\/wp\/v2\/product_cat?post=7033"},{"taxonomy":"product_tag","embeddable":true,"href":"https:\/\/bluemarinepuntacana.com\/es\/wp-json\/wp\/v2\/product_tag?post=7033"}],"curies":[{"name":"wp","href":"https:\/\/api.w.org\/{rel}","templated":true}]}}