{"id":5464,"date":"2022-05-03T01:27:21","date_gmt":"2022-05-03T01:27:21","guid":{"rendered":"https:\/\/dev.bluemarinepuntacana.com\/?post_type=product&#038;p=5464"},"modified":"2026-04-15T02:50:37","modified_gmt":"2026-04-15T02:50:37","slug":"share-boat-trip","status":"publish","type":"product","link":"https:\/\/bluemarinepuntacana.com\/es\/producto\/share-boat-trip\/","title":{"rendered":"Compartir viaje en barco"},"content":{"rendered":"<div data-elementor-type=\"wp-post\" data-elementor-id=\"5464\" class=\"elementor elementor-5464\" data-elementor-post-type=\"product\">\n\t\t\t\t\t\t<section class=\"elementor-section elementor-top-section elementor-element elementor-element-1bbfb64 elementor-section-full_width elementor-section-height-default elementor-section-height-default qodef-elementor-content-no\" data-id=\"1bbfb64\" data-element_type=\"section\">\n\t\t\t\t\t\t<div class=\"elementor-container elementor-column-gap-default\">\n\t\t\t\t\t<div class=\"elementor-column elementor-col-100 elementor-top-column elementor-element elementor-element-37e4a04b\" data-id=\"37e4a04b\" data-element_type=\"column\">\n\t\t\t<div class=\"elementor-widget-wrap elementor-element-populated\">\n\t\t\t\t\t\t<div class=\"elementor-element elementor-element-4854c143 elementor-widget elementor-widget-text-editor\" data-id=\"4854c143\" data-element_type=\"widget\" data-widget_type=\"text-editor.default\">\n\t\t\t\t<div class=\"elementor-widget-container\">\n\t\t\t\t\t\t\t\t\t<p>Join this shared catamaran tour in Punta Cana for an unforgettable afternoon of fun and relaxation on the water! Perfect for guests seeking personalized attention and an energetic entertainment team, this experience guarantees memories that last a lifetime.<\/p><p>\u00a0<\/p><p><strong>Incluye<\/strong><\/p><p>\u2022 El capit\u00e1n<br \/>\u2022 El acceso a los completamente en barco privado<br \/>\u2022 Transporte de ida y vuelta.<br \/>\u2022 gu\u00eda profesional<br \/>\u2022 Camarero<br \/>\u2022 atenci\u00f3n personalizada de alto volumen miusic<br \/>\u2022 Chalecos salvavidas <br \/>\u2022 Equipo de snorkel<br \/>\u2022 Equipo de profesionales<br \/>\u2022 Visita a los delfines del acuario<\/p><p>\u00a0<\/p><p><strong>Barra libre ilimitada<\/strong><\/p><p>\u20228 A\u00f1os de edad Rom, Presidente de la cerveza nacional cerveza), monjitos, vodka granberry, <br \/>Coca-Cola, Coca-Cola luminosidad, tropicales Frescas jugo, refresco, botella de agua.<\/p><p>\u00a0<\/p><p><strong>Aperitivo<\/strong><\/p><p>Frutas frescas<br \/>Aperitivos<br \/>Mini Sandwich<\/p><p>\u00a0<\/p><p><strong>\u00bfQu\u00e9 debe llevar?<\/strong><\/p><p>Ropa de playa<\/p><p>Toallas<br \/>El dinero en efectivo <br \/>Protector solar<\/p><p>\u00a0<\/p><p><strong>Todos los hoteles tienen el mismo pick-up veces en el d\u00eda.<\/strong><\/p><p>Primer turno: Tour en el vest\u00edbulo de su hotel a las 7:30 de la ma\u00f1ana y regreso a su hotel a las 11:30 de la ma\u00f1ana<\/p><p>Second shift: Tour in the lobby of your hotel at 10:30 a.m. and return to your hotel at 2:30 p.m.<\/p><p>Third shift: Tour in the lobby of your hotel at 1:30 p.m. and return to your hotel at 6:30 p.m.<\/p><p><span style=\"border-block: unset; border-inline: unset; border-start-start-radius: unset; border-start-end-radius: unset; border-end-start-radius: unset; border-end-end-radius: unset; overscroll-behavior-inline: unset; overscroll-behavior-block: unset; margin-block: unset; margin-inline: unset; scroll-margin-block: unset; scroll-margin-inline: unset; padding-block: unset; padding-inline: unset; scroll-padding-block: unset; scroll-padding-inline: unset; inset-block: unset; inset-inline: unset; block-size: unset; min-block-size: unset; max-block-size: unset; inline-size: unset; min-inline-size: unset; max-inline-size: unset; background-image: unset; background-position: unset; background-size: unset; background-repeat: unset; background-attachment: unset; background-origin: unset; background-clip: unset; background-blend-mode: unset; border: unset; border-radius: unset; display: unset; position: fixed; float: unset; clear: unset; vertical-align: unset; overflow: unset; overflow-anchor: unset; transform: unset; rotate: unset; scale: unset; translate: unset; offset: unset; scroll-behavior: unset; scroll-snap-align: unset; scroll-snap-type: unset; scroll-snap-stop: unset; overscroll-behavior: unset; isolation: unset; break-after: unset; break-before: unset; break-inside: unset; resize: unset; perspective: unset; perspective-origin: unset; backface-visibility: unset; transform-box: unset; transform-style: unset; transform-origin: unset; contain: unset; appearance: unset; will-change: unset; shape-image-threshold: unset; shape-margin: unset; shape-outside: unset; touch-action: unset; -webkit-line-clamp: unset; scrollbar-gutter: unset; columns: unset; column-fill: unset; column-rule: unset; column-span: unset; content: unset; counter-increment: unset; counter-reset: unset; counter-set: unset; opacity: unset; box-shadow: unset; clip: rect(0px, 0px, 0px, 0px); filter: unset; backdrop-filter: unset; mix-blend-mode: unset; font: unset; font-synthesis: unset; visibility: unset; writing-mode: unset; text-orientation: unset; image-rendering: unset; image-orientation: unset; dominant-baseline: unset; text-anchor: unset; color-interpolation: unset; color-interpolation-filters: unset; fill: unset; fill-opacity: unset; fill-rule: unset; shape-rendering: unset; stroke: unset; stroke-width: unset; stroke-linecap: unset; stroke-linejoin: unset; stroke-miterlimit: unset; stroke-opacity: unset; stroke-dasharray: unset; stroke-dashoffset: unset; clip-rule: unset; marker: unset; paint-order: unset; border-collapse: unset; empty-cells: unset; caption-side: unset; border-spacing: unset; color: unset; text-transform: unset; hyphens: unset; text-indent: unset; overflow-wrap: unset; word-break: unset; text-align-last: unset; text-align: unset; letter-spacing: unset; word-spacing: unset; white-space: pre; text-shadow: unset; text-emphasis: unset; text-emphasis-position: unset; tab-size: unset; line-break: unset; -webkit-text-fill-color: unset; -webkit-text-stroke: unset; ruby-position: unset; text-combine-upright: unset; text-rendering: unset; text-underline-offset: unset; text-underline-position: unset; text-decoration-skip-ink: unset; hyphenate-character: unset; cursor: unset; pointer-events: unset; caret-color: unset; accent-color: unset; color-scheme: unset; list-style: unset; quotes: unset; margin: unset; overflow-clip-margin: unset; scroll-margin: unset; outline: unset; outline-offset: unset; size: unset; padding: unset; scroll-padding: unset; top: 0px; right: unset; bottom: unset; left: unset; z-index: unset; flex-flow: unset; place-content: unset; place-items: unset; flex: unset; place-self: unset; order: unset; width: unset; min-width: unset; max-width: unset; height: unset; min-height: unset; max-height: unset; box-sizing: unset; object-fit: unset; object-position: unset; grid-area: unset; grid: unset; gap: unset; aspect-ratio: unset; vector-effect: unset; stop-color: unset; stop-opacity: unset; flood-color: unset; flood-opacity: unset; lighting-color: unset; mask-type: unset; clip-path: unset; mask: unset; x: unset; y: unset; cx: unset; cy: unset; rx: unset; ry: unset; r: unset; d: unset; table-layout: unset; text-overflow: unset; text-decoration: unset; user-select: text; transition: unset; animation: unset;\">w3s68Ehr<\/span><\/p>\t\t\t\t\t\t\t\t<\/div>\n\t\t\t\t<\/div>\n\t\t\t\t\t<\/div>\n\t\t<\/div>\n\t\t\t\t\t<\/div>\n\t\t<\/section>\n\t\t\t\t<section class=\"elementor-section elementor-top-section elementor-element elementor-element-6042049 elementor-section-content-top elementor-section-boxed elementor-section-height-default elementor-section-height-default qodef-elementor-content-no\" data-id=\"6042049\" data-element_type=\"section\">\n\t\t\t\t\t\t<div class=\"elementor-container elementor-column-gap-default\">\n\t\t\t\t\t<div class=\"elementor-column elementor-col-100 elementor-top-column elementor-element elementor-element-dae34d2\" data-id=\"dae34d2\" data-element_type=\"column\">\n\t\t\t<div class=\"elementor-widget-wrap\">\n\t\t\t\t\t\t\t<\/div>\n\t\t<\/div>\n\t\t\t\t\t<\/div>\n\t\t<\/section>\n\t\t\t\t<\/div>","protected":false},"excerpt":{"rendered":"<p>No se olvide que usted puede hacer sus reservaciones con s\u00f3lo unas pocas personas y con solo el 50% y pagar el resto el d\u00eda de actividades en la playa, recuerda que puedes agregar m\u00e1s personas hasta el mismo d\u00eda en que llegan a la playa.<\/p>","protected":false},"featured_media":5472,"comment_status":"open","ping_status":"closed","template":"elementor_theme","meta":{"_eb_attr":"","_joinchat":[]},"product_brand":[],"product_cat":[76],"product_tag":[],"class_list":{"0":"post-5464","1":"product","2":"type-product","3":"status-publish","4":"has-post-thumbnail","6":"product_cat-catamaran","8":"first","9":"instock","10":"sold-individually","11":"shipping-taxable","12":"purchasable","13":"product-type-booking"},"_links":{"self":[{"href":"https:\/\/bluemarinepuntacana.com\/es\/wp-json\/wp\/v2\/product\/5464","targetHints":{"allow":["GET"]}}],"collection":[{"href":"https:\/\/bluemarinepuntacana.com\/es\/wp-json\/wp\/v2\/product"}],"about":[{"href":"https:\/\/bluemarinepuntacana.com\/es\/wp-json\/wp\/v2\/types\/product"}],"replies":[{"embeddable":true,"href":"https:\/\/bluemarinepuntacana.com\/es\/wp-json\/wp\/v2\/comments?post=5464"}],"version-history":[{"count":68,"href":"https:\/\/bluemarinepuntacana.com\/es\/wp-json\/wp\/v2\/product\/5464\/revisions"}],"predecessor-version":[{"id":10525,"href":"https:\/\/bluemarinepuntacana.com\/es\/wp-json\/wp\/v2\/product\/5464\/revisions\/10525"}],"wp:featuredmedia":[{"embeddable":true,"href":"https:\/\/bluemarinepuntacana.com\/es\/wp-json\/wp\/v2\/media\/5472"}],"wp:attachment":[{"href":"https:\/\/bluemarinepuntacana.com\/es\/wp-json\/wp\/v2\/media?parent=5464"}],"wp:term":[{"taxonomy":"product_brand","embeddable":true,"href":"https:\/\/bluemarinepuntacana.com\/es\/wp-json\/wp\/v2\/product_brand?post=5464"},{"taxonomy":"product_cat","embeddable":true,"href":"https:\/\/bluemarinepuntacana.com\/es\/wp-json\/wp\/v2\/product_cat?post=5464"},{"taxonomy":"product_tag","embeddable":true,"href":"https:\/\/bluemarinepuntacana.com\/es\/wp-json\/wp\/v2\/product_tag?post=5464"}],"curies":[{"name":"wp","href":"https:\/\/api.w.org\/{rel}","templated":true}]}}