{"id":5463,"date":"2022-05-03T01:27:21","date_gmt":"2022-05-03T01:27:21","guid":{"rendered":"https:\/\/dev.bluemarinepuntacana.com\/?post_type=product&#038;p=5463"},"modified":"2025-11-17T11:04:37","modified_gmt":"2025-11-17T11:04:37","slug":"private-boat-trip","status":"publish","type":"product","link":"https:\/\/bluemarinepuntacana.com\/es\/producto\/private-boat-trip\/","title":{"rendered":"Viaje Privada En Barco"},"content":{"rendered":"<p>Nuestros catamaranes ofrecen ilimitadas de alojamiento para esta excursi\u00f3n, es perfecto para grupos y eventos privados, ideal para viajes de empresa, grupos de ocio, bodas, celebraciones de cumplea\u00f1os, despedidas de soltero, viajes familiares o de cualquier otra actividad que usted desea hacer mientras se navega en un crucero privado a trav\u00e9s de las c\u00e1lidas aguas del Mar Caribe.<\/p>\n<p>Este catamar\u00e1n privado tour en Puerto Plata, Sos\u00faa es el viaje perfecto para disfrutar de una tarde llena de diversi\u00f3n por el agua! Este tour privado es ideal para los hu\u00e9spedes que quieran la atenci\u00f3n especializada y un fant\u00e1stico equipo de animaci\u00f3n.<\/p>\n<p><strong>Incluye<\/strong><\/p>\n<p>\u2022 El capit\u00e1n<br \/>\n\u2022 El acceso a los completamente en barco privado<br \/>\n\u2022 Transporte de ida y vuelta.<br \/>\n\u2022 Gu\u00eda profesional<br \/>\n\u2022 Camarero<br \/>\n\u2022 Snorkel<br \/>\n\u2022 Profesional de equipos de<br \/>\n\u2022 Visita a los delfines tanque<\/p>\n<p><strong>Tur\u00edstico privado de la barra de<\/strong><\/p>\n<p>\u2022 8 A\u00f1os De La Rom, El Presidente De La Cerveza,<br \/>\nCoca-Cola, Diet Coke, Fresca, jugo de frutas tropicales, de agua.<\/p>\n<p><strong>Merienda<\/strong><\/p>\n<p>Frutas frescas<br \/>\nAperitivos<br \/>\nMini Sandwich<\/p>\n<p><strong>\u00bfQu\u00e9 debe llevar?<\/strong><\/p>\n<p>Ropa de playa<br \/>\nToallas<br \/>\nLa profundidad de la c\u00e1mara<br \/>\nProtector solar<br \/>\nTodos los hoteles tienen el mismo pick-up veces en ese d\u00eda.<\/p>\n<p>Primer turno: Tour en el vest\u00edbulo de su hotel a las 7:30 de la ma\u00f1ana y regreso a su hotel a las 11:30 de la ma\u00f1ana<\/p>\n<p>Segundo turno: Tour en el vest\u00edbulo de su hotel a las 10:30 de la ma\u00f1ana y regreso a su hotel a las 2:30 de la tarde<\/p>\n<p>Tercer turno: Tour en el vest\u00edbulo de su hotel a la 1:30 de la tarde y regreso a su hotel a las 6:30 de la tarde<\/p>\n<p><strong>Tipo De Base:<\/strong><br \/>\nPara grupos de 1 a 10 personas, el costo es de un total de $590.<br \/>\nPersonas Adicionales:<br \/>\nPor cada persona adicional (m\u00e1s de 10 personas), los costos son como sigue:<br \/>\nAdultos: $59 por persona.<br \/>\nNi\u00f1os: $29 por persona.<\/p>\n<p><strong>Ejemplo De C\u00e1lculo:<\/strong><\/p>\n<p>Si su grupo tiene 12 personas (8 adultos y 4 ni\u00f1os):<br \/>\nTasa Base para las primeras 10 personas: $590.<br \/>\nCosto adicional para 2 adultos (m\u00e1s de 10 personas): 2 x $59 = $118.<br \/>\nCosto adicional para 2 ni\u00f1os (de m\u00e1s de 10 personas): 2 x $29 = $58.<br \/>\nCosto Total: $590 + $118 + $58 = $766.<br \/>\nEspero que esta informaci\u00f3n es \u00fatil. Si usted tiene alguna pregunta o desea hacer una reserva, por favor si\u00e9ntase libre de contactar con nosotros.<\/p>","protected":false},"excerpt":{"rendered":"<p>Privado Paseo en Barco de una experiencia \u00fanica y fascinante. No olvide que usted puede hacer sus reservaciones con pocas personas y con solo el 50% y pagar el resto el d\u00eda de la actividades en la playa, recuerda que puedes agregar m\u00e1s personas hasta el mismo d\u00eda en que llegan a la playa.<\/p>\n<p><strong>Tipo De Base:<\/strong><\/p>\n<ul>\n<li style=\"list-style-type: none;\">\n<ul>\n<li>Para grupos de 1 a 10 personas, el costo es de un total de<strong> $590.<\/strong><\/li>\n<li>Para 11 personas o m\u00e1s, un adicional <strong>US$59<\/strong> por persona est\u00e1 cargada.<\/li>\n<\/ul>\n<\/li>\n<\/ul>","protected":false},"featured_media":5321,"comment_status":"open","ping_status":"closed","template":"elementor_theme","meta":{"_eb_attr":"","_joinchat":[]},"product_brand":[],"product_cat":[76],"product_tag":[],"class_list":{"0":"post-5463","1":"product","2":"type-product","3":"status-publish","4":"has-post-thumbnail","6":"product_cat-catamaran","8":"first","9":"instock","10":"virtual","11":"sold-individually","12":"purchasable","13":"product-type-booking"},"_links":{"self":[{"href":"https:\/\/bluemarinepuntacana.com\/es\/wp-json\/wp\/v2\/product\/5463","targetHints":{"allow":["GET"]}}],"collection":[{"href":"https:\/\/bluemarinepuntacana.com\/es\/wp-json\/wp\/v2\/product"}],"about":[{"href":"https:\/\/bluemarinepuntacana.com\/es\/wp-json\/wp\/v2\/types\/product"}],"replies":[{"embeddable":true,"href":"https:\/\/bluemarinepuntacana.com\/es\/wp-json\/wp\/v2\/comments?post=5463"}],"version-history":[{"count":29,"href":"https:\/\/bluemarinepuntacana.com\/es\/wp-json\/wp\/v2\/product\/5463\/revisions"}],"predecessor-version":[{"id":10527,"href":"https:\/\/bluemarinepuntacana.com\/es\/wp-json\/wp\/v2\/product\/5463\/revisions\/10527"}],"wp:featuredmedia":[{"embeddable":true,"href":"https:\/\/bluemarinepuntacana.com\/es\/wp-json\/wp\/v2\/media\/5321"}],"wp:attachment":[{"href":"https:\/\/bluemarinepuntacana.com\/es\/wp-json\/wp\/v2\/media?parent=5463"}],"wp:term":[{"taxonomy":"product_brand","embeddable":true,"href":"https:\/\/bluemarinepuntacana.com\/es\/wp-json\/wp\/v2\/product_brand?post=5463"},{"taxonomy":"product_cat","embeddable":true,"href":"https:\/\/bluemarinepuntacana.com\/es\/wp-json\/wp\/v2\/product_cat?post=5463"},{"taxonomy":"product_tag","embeddable":true,"href":"https:\/\/bluemarinepuntacana.com\/es\/wp-json\/wp\/v2\/product_tag?post=5463"}],"curies":[{"name":"wp","href":"https:\/\/api.w.org\/{rel}","templated":true}]}}