{"id":5460,"date":"2022-05-03T01:27:21","date_gmt":"2022-05-03T01:27:21","guid":{"rendered":"https:\/\/dev.bluemarinepuntacana.com\/?post_type=product&#038;p=5460"},"modified":"2026-04-03T01:50:41","modified_gmt":"2026-04-03T01:50:41","slug":"private-boat-deluxe","status":"publish","type":"product","link":"https:\/\/bluemarinepuntacana.com\/es\/producto\/private-boat-deluxe\/","title":{"rendered":"Barco Privado De Lujo"},"content":{"rendered":"<div data-elementor-type=\"product-post\" data-elementor-id=\"5460\" class=\"elementor elementor-5460\" data-elementor-post-type=\"product\">\n\t\t\t\t\t\t<section class=\"elementor-section elementor-top-section elementor-element elementor-element-b039e7d elementor-section-full_width elementor-section-height-default elementor-section-height-default qodef-elementor-content-no\" data-id=\"b039e7d\" data-element_type=\"section\">\n\t\t\t\t\t\t<div class=\"elementor-container elementor-column-gap-default\">\n\t\t\t\t\t<div class=\"elementor-column elementor-col-100 elementor-top-column elementor-element elementor-element-3f40bb44\" data-id=\"3f40bb44\" data-element_type=\"column\">\n\t\t\t<div class=\"elementor-widget-wrap elementor-element-populated\">\n\t\t\t\t\t\t<div class=\"elementor-element elementor-element-1d352059 elementor-widget elementor-widget-text-editor\" data-id=\"1d352059\" data-element_type=\"widget\" data-widget_type=\"text-editor.default\">\n\t\t\t\t<div class=\"elementor-widget-container\">\n\t\t\t\t\t\t\t\t\t<p>Se incluye el acceso a un Exclusivo y Lujoso de la zona donde se puede disfrutar de un ambiente diferente, con m\u00e1s tranquilidad, servicios personalizados con los camareros, atenci\u00f3n especial para el almuerzo y bebidas durante el tiempo de la relajaci\u00f3n y en el barco.<\/p><p>Este paseo en barco privado en Puerto Plata, Sos\u00faa es el viaje perfecto para disfrutar de una tarde llena de diversi\u00f3n por el agua! Este tour privado es ideal para los hu\u00e9spedes que quieran la atenci\u00f3n especializada y un fant\u00e1stico equipo de animaci\u00f3n.<\/p><p><strong>Itinerario<\/strong><\/p><p>Jefe de la marina, de donde se junta un incre\u00edble barco. Comienza el tour por la vela de uno de los mayores natural de los arrecifes de coral en B\u00e1varo. Siga la gu\u00eda de un profesional como usted bucear entre peces tropicales y colorido de la flora y la fauna.Suba a bordo y disfrutar de bebidas tropicales y vivir la m\u00fasica Caribe\u00f1a en el fondo de un crucero por los Delfines del acuario, El viaje termina en la piscina natural donde el Oc\u00e9ano Atl\u00e1ntico y el Mar Caribe convergen. El agua hasta la cintura ofrece una excelente oportunidad para divertirse en las aguas cristalinas y el inicio de la fiesta.<\/p><p><strong>Azul Marino De Lujo<\/strong><\/p><p>\u2022 El capit\u00e1n <br \/>\u2022 El acceso a los completamente en barco privado<br \/>\u2022 Transporte de ida y vuelta desde cualquier hotel o airbnb <br \/>\u2022 atenci\u00f3n personalizada de alto volumen de la m\u00fasica <br \/>\u2022VIP de verificaci\u00f3n en la escolta de todos los tiempos y proteger su seguridad<br \/>\u2022 Equipo de snorkel <br \/>\u2022 Chalecos salvavidas<br \/>\u2022 Gu\u00eda profesional<br \/>\u2022 Camarero<br \/>\u2022 Dj en vivo<br \/>\u2022 Profesional de equipos de<br \/>\u2022 Visita a los delfines del acuario<\/p><p><strong>Barra libre ilimitada<\/strong><\/p><p>\u2022 Champagne, 8 Years Rom, cognac, white rum, presindent beer, Pi\u00f1a colada, rum pounch, passion love, orange juice, monjitos,<br \/>Coca-Cola, Coca-Cola luminosidad, Fresca, jugo de frutas tropicales, el agua, las frutas Frescas, Aperitivos, Mamajuana beber y tambi\u00e9n puede traer su propia batalla de licore. <br \/>zona wifi.<\/p><p><strong>Merienda Especial<\/strong><\/p><p>\u2022 Mini s\u00e1ndwich, pastelitos, quipes, croquetas, empanadas de jam\u00f3n y queso<\/p><p><strong>BRUNCH CUATRO OPCIONES DE MEN\u00da<\/strong><\/p><p>\u2022 <strong>La langosta<\/strong><br \/>Sauteed potatoes, vegetables, Fray Potato<\/p><p>\u2022 <strong>Brochetas de pollo<\/strong><br \/>Sauteed potatoes, vegetables, Fray Potato<\/p><p>\u2022 <strong>Camarones<\/strong><br \/>Sauteed potatoes, vegetables, Fray Potato<\/p><p>\u2022 <strong>Los peces<\/strong><br \/>Sauteed potatoes, vegetables, Fray Potato<\/p><p>\u2022 <strong>Los ni\u00f1os<\/strong> angus chees hamburguesa<br \/>Fichas<\/p><p><strong>De lujo de la zona<\/strong><\/p><p>Es totalmente una zona vip aislado de los otros clientes de la que se puede disfrutar de una manera diferente y m\u00e1s ambiente tranquilo, donde se puede tener servicios personalizados con los camareros dando la atenci\u00f3n de la comida y bebidas durante el tiempo de relajaci\u00f3n en la playa. Nuestros deseos de una pulsera que le permite disfrutar de este \u00e1rea.<\/p><p>\u00a0<\/p><p><strong>The pickup time is as follows:<\/strong><\/p><p>Hotel pick up at 8:00 am<br \/>Drop up off at 3:00 pm<\/p>\t\t\t\t\t\t\t\t<\/div>\n\t\t\t\t<\/div>\n\t\t\t\t\t<\/div>\n\t\t<\/div>\n\t\t\t\t\t<\/div>\n\t\t<\/section>\n\t\t\t\t<\/div>","protected":false},"excerpt":{"rendered":"<p>No se olvide que usted puede hacer sus reservaciones con s\u00f3lo unas pocas personas y con solo el 50% y pagar el resto el d\u00eda de actividades en la playa, recuerda que puedes agregar m\u00e1s personas hasta el mismo d\u00eda en que llegan a la playa.<\/p>\n<p><strong>Tarifa Base:<\/strong><\/p>\n<ul>\n<li style=\"list-style-type: none;\">\n<ul>\n<li>Para grupos de 1 a 10 personas, el costo es un total de <strong>$1200<\/strong>.<\/li>\n<li>De 11 personas en adelante se le suma <strong>US$120 <\/strong>por persona.<\/li>\n<\/ul>\n<\/li>\n<\/ul>","protected":false},"featured_media":5392,"comment_status":"open","ping_status":"closed","template":"","meta":{"_eb_attr":"","_joinchat":[]},"product_brand":[],"product_cat":[76],"product_tag":[],"class_list":{"0":"post-5460","1":"product","2":"type-product","3":"status-publish","4":"has-post-thumbnail","6":"product_cat-catamaran","8":"first","9":"instock","10":"virtual","11":"sold-individually","12":"purchasable","13":"product-type-booking"},"_links":{"self":[{"href":"https:\/\/bluemarinepuntacana.com\/es\/wp-json\/wp\/v2\/product\/5460","targetHints":{"allow":["GET"]}}],"collection":[{"href":"https:\/\/bluemarinepuntacana.com\/es\/wp-json\/wp\/v2\/product"}],"about":[{"href":"https:\/\/bluemarinepuntacana.com\/es\/wp-json\/wp\/v2\/types\/product"}],"replies":[{"embeddable":true,"href":"https:\/\/bluemarinepuntacana.com\/es\/wp-json\/wp\/v2\/comments?post=5460"}],"version-history":[{"count":45,"href":"https:\/\/bluemarinepuntacana.com\/es\/wp-json\/wp\/v2\/product\/5460\/revisions"}],"predecessor-version":[{"id":9373,"href":"https:\/\/bluemarinepuntacana.com\/es\/wp-json\/wp\/v2\/product\/5460\/revisions\/9373"}],"wp:featuredmedia":[{"embeddable":true,"href":"https:\/\/bluemarinepuntacana.com\/es\/wp-json\/wp\/v2\/media\/5392"}],"wp:attachment":[{"href":"https:\/\/bluemarinepuntacana.com\/es\/wp-json\/wp\/v2\/media?parent=5460"}],"wp:term":[{"taxonomy":"product_brand","embeddable":true,"href":"https:\/\/bluemarinepuntacana.com\/es\/wp-json\/wp\/v2\/product_brand?post=5460"},{"taxonomy":"product_cat","embeddable":true,"href":"https:\/\/bluemarinepuntacana.com\/es\/wp-json\/wp\/v2\/product_cat?post=5460"},{"taxonomy":"product_tag","embeddable":true,"href":"https:\/\/bluemarinepuntacana.com\/es\/wp-json\/wp\/v2\/product_tag?post=5460"}],"curies":[{"name":"wp","href":"https:\/\/api.w.org\/{rel}","templated":true}]}}